{"id":903,"date":"2024-03-05T05:21:55","date_gmt":"2024-03-05T04:21:55","guid":{"rendered":"https:\/\/dermilchzahn.com\/stuttgart\/?page_id=903"},"modified":"2024-04-25T15:47:20","modified_gmt":"2024-04-25T13:47:20","slug":"impressum","status":"publish","type":"page","link":"https:\/\/dermilchzahn.com\/stuttgart\/impressum\/","title":{"rendered":"Impressum"},"content":{"rendered":"\t\t<div data-elementor-type=\"wp-post\" data-elementor-id=\"903\" class=\"elementor elementor-903\">\n\t\t\t\t\t\t<section class=\"elementor-section elementor-top-section elementor-element elementor-element-33d6b9ab elementor-section-height-min-height elementor-section-boxed elementor-section-height-default elementor-section-items-middle\" data-id=\"33d6b9ab\" data-element_type=\"section\" data-settings=\"{&quot;jet_parallax_layout_list&quot;:[{&quot;_id&quot;:&quot;e25ef7d&quot;,&quot;jet_parallax_layout_speed&quot;:{&quot;unit&quot;:&quot;%&quot;,&quot;size&quot;:&quot;50&quot;,&quot;sizes&quot;:[]},&quot;jet_parallax_layout_bg_x&quot;:&quot;50&quot;,&quot;jet_parallax_layout_bg_y&quot;:&quot;50&quot;,&quot;jet_parallax_layout_image&quot;:{&quot;url&quot;:&quot;&quot;,&quot;id&quot;:&quot;&quot;,&quot;size&quot;:&quot;&quot;},&quot;jet_parallax_layout_image_tablet&quot;:{&quot;url&quot;:&quot;&quot;,&quot;id&quot;:&quot;&quot;,&quot;size&quot;:&quot;&quot;},&quot;jet_parallax_layout_image_mobile&quot;:{&quot;url&quot;:&quot;&quot;,&quot;id&quot;:&quot;&quot;,&quot;size&quot;:&quot;&quot;},&quot;jet_parallax_layout_type&quot;:&quot;scroll&quot;,&quot;jet_parallax_layout_direction&quot;:&quot;1&quot;,&quot;jet_parallax_layout_fx_direction&quot;:null,&quot;jet_parallax_layout_z_index&quot;:&quot;&quot;,&quot;jet_parallax_layout_bg_x_tablet&quot;:&quot;&quot;,&quot;jet_parallax_layout_bg_x_mobile&quot;:&quot;&quot;,&quot;jet_parallax_layout_bg_y_tablet&quot;:&quot;&quot;,&quot;jet_parallax_layout_bg_y_mobile&quot;:&quot;&quot;,&quot;jet_parallax_layout_bg_size&quot;:&quot;auto&quot;,&quot;jet_parallax_layout_bg_size_tablet&quot;:&quot;&quot;,&quot;jet_parallax_layout_bg_size_mobile&quot;:&quot;&quot;,&quot;jet_parallax_layout_animation_prop&quot;:&quot;transform&quot;,&quot;jet_parallax_layout_on&quot;:[&quot;desktop&quot;,&quot;tablet&quot;]}],&quot;background_background&quot;:&quot;classic&quot;}\">\n\t\t\t\t\t\t\t<div class=\"elementor-background-overlay\"><\/div>\n\t\t\t\t\t\t\t<div class=\"elementor-container elementor-column-gap-default\">\n\t\t\t\t\t<div class=\"elementor-column elementor-col-100 elementor-top-column elementor-element elementor-element-350cd4da\" data-id=\"350cd4da\" data-element_type=\"column\">\n\t\t\t<div class=\"elementor-widget-wrap elementor-element-populated\">\n\t\t\t\t\t\t\t<\/div>\n\t\t<\/div>\n\t\t\t\t\t<\/div>\n\t\t<\/section>\n\t\t\t\t<section class=\"elementor-section elementor-top-section elementor-element elementor-element-43c75e0f elementor-section-boxed elementor-section-height-default elementor-section-height-default\" data-id=\"43c75e0f\" data-element_type=\"section\" data-settings=\"{&quot;jet_parallax_layout_list&quot;:[{&quot;_id&quot;:&quot;2f8f1a8&quot;,&quot;jet_parallax_layout_speed&quot;:{&quot;unit&quot;:&quot;%&quot;,&quot;size&quot;:&quot;50&quot;,&quot;sizes&quot;:[]},&quot;jet_parallax_layout_bg_x&quot;:&quot;50&quot;,&quot;jet_parallax_layout_bg_y&quot;:&quot;50&quot;,&quot;jet_parallax_layout_image&quot;:{&quot;url&quot;:&quot;&quot;,&quot;id&quot;:&quot;&quot;,&quot;size&quot;:&quot;&quot;},&quot;jet_parallax_layout_image_tablet&quot;:{&quot;url&quot;:&quot;&quot;,&quot;id&quot;:&quot;&quot;,&quot;size&quot;:&quot;&quot;},&quot;jet_parallax_layout_image_mobile&quot;:{&quot;url&quot;:&quot;&quot;,&quot;id&quot;:&quot;&quot;,&quot;size&quot;:&quot;&quot;},&quot;jet_parallax_layout_type&quot;:&quot;scroll&quot;,&quot;jet_parallax_layout_direction&quot;:&quot;1&quot;,&quot;jet_parallax_layout_fx_direction&quot;:null,&quot;jet_parallax_layout_z_index&quot;:&quot;&quot;,&quot;jet_parallax_layout_bg_x_tablet&quot;:&quot;&quot;,&quot;jet_parallax_layout_bg_x_mobile&quot;:&quot;&quot;,&quot;jet_parallax_layout_bg_y_tablet&quot;:&quot;&quot;,&quot;jet_parallax_layout_bg_y_mobile&quot;:&quot;&quot;,&quot;jet_parallax_layout_bg_size&quot;:&quot;auto&quot;,&quot;jet_parallax_layout_bg_size_tablet&quot;:&quot;&quot;,&quot;jet_parallax_layout_bg_size_mobile&quot;:&quot;&quot;,&quot;jet_parallax_layout_animation_prop&quot;:&quot;transform&quot;,&quot;jet_parallax_layout_on&quot;:[&quot;desktop&quot;,&quot;tablet&quot;]}],&quot;background_background&quot;:&quot;classic&quot;}\">\n\t\t\t\t\t\t<div class=\"elementor-container elementor-column-gap-no\">\n\t\t\t\t\t<div class=\"elementor-column elementor-col-100 elementor-top-column elementor-element elementor-element-7cb454eb\" data-id=\"7cb454eb\" data-element_type=\"column\">\n\t\t\t<div class=\"elementor-widget-wrap elementor-element-populated\">\n\t\t\t\t\t\t<div class=\"elementor-element elementor-element-36b779ff elementor-widget elementor-widget-spacer\" data-id=\"36b779ff\" data-element_type=\"widget\" data-widget_type=\"spacer.default\">\n\t\t\t\t<div class=\"elementor-widget-container\">\n\t\t\t\t\t\t\t<div class=\"elementor-spacer\">\n\t\t\t<div class=\"elementor-spacer-inner\"><\/div>\n\t\t<\/div>\n\t\t\t\t\t\t<\/div>\n\t\t\t\t<\/div>\n\t\t\t\t<div class=\"elementor-element elementor-element-4709b469 elementor-widget elementor-widget-heading\" data-id=\"4709b469\" data-element_type=\"widget\" data-widget_type=\"heading.default\">\n\t\t\t\t<div class=\"elementor-widget-container\">\n\t\t\t\t\t<h2 class=\"elementor-heading-title elementor-size-default\">IMPRESSUM<\/h2>\t\t\t\t<\/div>\n\t\t\t\t<\/div>\n\t\t\t\t<div class=\"elementor-element elementor-element-36274c4 elementor-widget elementor-widget-text-editor\" data-id=\"36274c4\" data-element_type=\"widget\" data-widget_type=\"text-editor.default\">\n\t\t\t\t<div class=\"elementor-widget-container\">\n\t\t\t\t\t\t\t\t\t<p>Angaben gem\u00e4\u00df \u00a7 5 TMG:<\/p><p><strong>Verantwortlich gem\u00e4\u00df \u00a7 6 MDSTV:<\/strong><\/p><p>\u00dcBAG Dres. Widmann &amp; Schrenk<br \/>Sielminger Hauptstra\u00dfe 36<br \/>70794 Filderstadt \/ Sielmingen<br \/>Telefon: 07158 &#8211; 9560990<br \/>E-Mail: info@dermilchzahn.com<\/p><p>Dr. Alexander Widmann &amp; Dr. Karin Schrenk<br \/><strong>Berufbezeichnung:<\/strong> Zahnarzt<br \/>Es gilt die Berufsordnung der<br \/>Landes\u00e4rztekammer Baden-W\u00fcrttemberg<\/p><p><strong>Weitere Informationen:<\/strong><br \/>Berufsordnung<br \/>Sozialministerium Baden-W\u00fcrttemberg<br \/>Landeszahn\u00e4rztekammer Baden-W\u00fcrttemberg<\/p><p><strong>Aufsichtsbeh\u00f6rde:<\/strong><br \/>Sozialministerium Baden-W\u00fcrttemberg<br \/>Schellingstrasse 15<br \/>70174 Stuttgart<br \/>Tel.: +49 (0) 711 &#8211; 123 &#8211; 0<br \/>Fax: +49 (0) 711 &#8211; 123 &#8211; 39 99<\/p><p><strong>Aufsichtsbeh\u00f6rde:<\/strong><br \/>Sozialministerium Baden-W\u00fcrttemberg<br \/>Schellingstrasse 15<br \/>70174 Stuttgart<br \/>Tel.: +49 (0) 711 &#8211; 123 &#8211; 0<br \/>Fax: +49 (0) 711 &#8211; 123 &#8211; 39 99<\/p><p><strong>Kammerzugeh\u00f6rigkeit:<\/strong><br \/>Landes\u00e4rztekammer Baden-W\u00fcrttemberg<br \/>Bezierkszahn\u00e4rztekammer Stuttgart<br \/>Albstadtweg 9<br \/>70567 Stuttgart<\/p><p>Tel.: +49 (0) 711 &#8211; 78 77 &#8211; 0<br \/>Fax: +49 (0) 711 &#8211; 78 77 &#8211; 238<br \/>Es gilt die Berufsordnung der Landeszahn\u00e4rztekammer Baden-W\u00fcrttemberg<br \/>www.lzk-bw.de<\/p><p><strong>Berufsrechtliche Regelung:<\/strong><br \/>Zahnheilkundegesetz: BGBI. I 1952, S.125; GOZ: BGBI. I 1987, S. 2316<\/p>\t\t\t\t\t\t\t\t<\/div>\n\t\t\t\t<\/div>\n\t\t\t\t\t<\/div>\n\t\t<\/div>\n\t\t\t\t\t<\/div>\n\t\t<\/section>\n\t\t\t\t<section class=\"elementor-section elementor-top-section elementor-element elementor-element-305e509c elementor-section-boxed elementor-section-height-default elementor-section-height-default\" data-id=\"305e509c\" data-element_type=\"section\" data-settings=\"{&quot;jet_parallax_layout_list&quot;:[{&quot;_id&quot;:&quot;788fad1&quot;,&quot;jet_parallax_layout_speed&quot;:{&quot;unit&quot;:&quot;%&quot;,&quot;size&quot;:&quot;50&quot;,&quot;sizes&quot;:[]},&quot;jet_parallax_layout_bg_x&quot;:&quot;50&quot;,&quot;jet_parallax_layout_bg_y&quot;:&quot;50&quot;,&quot;jet_parallax_layout_image&quot;:{&quot;url&quot;:&quot;&quot;,&quot;id&quot;:&quot;&quot;,&quot;size&quot;:&quot;&quot;},&quot;jet_parallax_layout_image_tablet&quot;:{&quot;url&quot;:&quot;&quot;,&quot;id&quot;:&quot;&quot;,&quot;size&quot;:&quot;&quot;},&quot;jet_parallax_layout_image_mobile&quot;:{&quot;url&quot;:&quot;&quot;,&quot;id&quot;:&quot;&quot;,&quot;size&quot;:&quot;&quot;},&quot;jet_parallax_layout_type&quot;:&quot;scroll&quot;,&quot;jet_parallax_layout_direction&quot;:&quot;1&quot;,&quot;jet_parallax_layout_fx_direction&quot;:null,&quot;jet_parallax_layout_z_index&quot;:&quot;&quot;,&quot;jet_parallax_layout_bg_x_tablet&quot;:&quot;&quot;,&quot;jet_parallax_layout_bg_x_mobile&quot;:&quot;&quot;,&quot;jet_parallax_layout_bg_y_tablet&quot;:&quot;&quot;,&quot;jet_parallax_layout_bg_y_mobile&quot;:&quot;&quot;,&quot;jet_parallax_layout_bg_size&quot;:&quot;auto&quot;,&quot;jet_parallax_layout_bg_size_tablet&quot;:&quot;&quot;,&quot;jet_parallax_layout_bg_size_mobile&quot;:&quot;&quot;,&quot;jet_parallax_layout_animation_prop&quot;:&quot;transform&quot;,&quot;jet_parallax_layout_on&quot;:[&quot;desktop&quot;,&quot;tablet&quot;]}],&quot;background_background&quot;:&quot;classic&quot;}\">\n\t\t\t\t\t\t<div class=\"elementor-container elementor-column-gap-no\">\n\t\t\t\t\t<div class=\"elementor-column elementor-col-100 elementor-top-column elementor-element elementor-element-15b5bb6d\" data-id=\"15b5bb6d\" data-element_type=\"column\">\n\t\t\t<div class=\"elementor-widget-wrap elementor-element-populated\">\n\t\t\t\t\t\t<div class=\"elementor-element elementor-element-18d9fb63 elementor-widget elementor-widget-spacer\" data-id=\"18d9fb63\" data-element_type=\"widget\" data-widget_type=\"spacer.default\">\n\t\t\t\t<div class=\"elementor-widget-container\">\n\t\t\t\t\t\t\t<div class=\"elementor-spacer\">\n\t\t\t<div class=\"elementor-spacer-inner\"><\/div>\n\t\t<\/div>\n\t\t\t\t\t\t<\/div>\n\t\t\t\t<\/div>\n\t\t\t\t\t<\/div>\n\t\t<\/div>\n\t\t\t\t\t<\/div>\n\t\t<\/section>\n\t\t\t\t<\/div>\n\t\t","protected":false},"excerpt":{"rendered":"<p>IMPRESSUM Angaben gem\u00e4\u00df \u00a7 5 TMG: Verantwortlich gem\u00e4\u00df \u00a7 6 MDSTV: \u00dcBAG Dres. Widmann &amp; SchrenkSielminger Hauptstra\u00dfe 3670794 Filderstadt \/ SielmingenTelefon: 07158 &#8211; 9560990E-Mail: info@dermilchzahn.com Dr. Alexander Widmann &amp; Dr. Karin SchrenkBerufbezeichnung: ZahnarztEs gilt die Berufsordnung derLandes\u00e4rztekammer Baden-W\u00fcrttemberg Weitere Informationen:BerufsordnungSozialministerium Baden-W\u00fcrttembergLandeszahn\u00e4rztekammer Baden-W\u00fcrttemberg Aufsichtsbeh\u00f6rde:Sozialministerium Baden-W\u00fcrttembergSchellingstrasse 1570174 StuttgartTel.: +49 (0) 711 &#8211; 123 &#8211; 0Fax: +49 (0) [&hellip;]<\/p>\n","protected":false},"author":1,"featured_media":0,"parent":0,"menu_order":0,"comment_status":"closed","ping_status":"closed","template":"full-width.php","meta":{"_acf_changed":false,"footnotes":""},"class_list":["post-903","page","type-page","status-publish","hentry"],"acf":[],"_links":{"self":[{"href":"https:\/\/dermilchzahn.com\/stuttgart\/wp-json\/wp\/v2\/pages\/903","targetHints":{"allow":["GET"]}}],"collection":[{"href":"https:\/\/dermilchzahn.com\/stuttgart\/wp-json\/wp\/v2\/pages"}],"about":[{"href":"https:\/\/dermilchzahn.com\/stuttgart\/wp-json\/wp\/v2\/types\/page"}],"author":[{"embeddable":true,"href":"https:\/\/dermilchzahn.com\/stuttgart\/wp-json\/wp\/v2\/users\/1"}],"replies":[{"embeddable":true,"href":"https:\/\/dermilchzahn.com\/stuttgart\/wp-json\/wp\/v2\/comments?post=903"}],"version-history":[{"count":10,"href":"https:\/\/dermilchzahn.com\/stuttgart\/wp-json\/wp\/v2\/pages\/903\/revisions"}],"predecessor-version":[{"id":1268,"href":"https:\/\/dermilchzahn.com\/stuttgart\/wp-json\/wp\/v2\/pages\/903\/revisions\/1268"}],"wp:attachment":[{"href":"https:\/\/dermilchzahn.com\/stuttgart\/wp-json\/wp\/v2\/media?parent=903"}],"curies":[{"name":"wp","href":"https:\/\/api.w.org\/{rel}","templated":true}]}}