{"id":106,"date":"2018-10-01T19:13:33","date_gmt":"2018-10-01T19:13:33","guid":{"rendered":"https:\/\/jupiterx.artbees.net\/amalthea\/?page_id=106"},"modified":"2024-03-16T18:08:05","modified_gmt":"2024-03-16T17:08:05","slug":"behandlungsspektrum","status":"publish","type":"page","link":"https:\/\/dermilchzahn.com\/stuttgart\/behandlungsspektrum\/","title":{"rendered":"Behandlung"},"content":{"rendered":"\t\t<div data-elementor-type=\"wp-post\" data-elementor-id=\"106\" class=\"elementor elementor-106\">\n\t\t\t\t\t\t<section class=\"elementor-section elementor-top-section elementor-element elementor-element-33d6b9ab elementor-section-height-min-height elementor-section-boxed elementor-section-height-default elementor-section-items-middle\" data-id=\"33d6b9ab\" data-element_type=\"section\" data-settings=\"{&quot;jet_parallax_layout_list&quot;:[{&quot;_id&quot;:&quot;e25ef7d&quot;,&quot;jet_parallax_layout_speed&quot;:{&quot;unit&quot;:&quot;%&quot;,&quot;size&quot;:&quot;50&quot;,&quot;sizes&quot;:[]},&quot;jet_parallax_layout_bg_x&quot;:&quot;50&quot;,&quot;jet_parallax_layout_bg_y&quot;:&quot;50&quot;,&quot;jet_parallax_layout_image&quot;:{&quot;url&quot;:&quot;&quot;,&quot;id&quot;:&quot;&quot;,&quot;size&quot;:&quot;&quot;},&quot;jet_parallax_layout_image_tablet&quot;:{&quot;url&quot;:&quot;&quot;,&quot;id&quot;:&quot;&quot;,&quot;size&quot;:&quot;&quot;},&quot;jet_parallax_layout_image_mobile&quot;:{&quot;url&quot;:&quot;&quot;,&quot;id&quot;:&quot;&quot;,&quot;size&quot;:&quot;&quot;},&quot;jet_parallax_layout_type&quot;:&quot;scroll&quot;,&quot;jet_parallax_layout_direction&quot;:&quot;1&quot;,&quot;jet_parallax_layout_fx_direction&quot;:null,&quot;jet_parallax_layout_z_index&quot;:&quot;&quot;,&quot;jet_parallax_layout_bg_x_tablet&quot;:&quot;&quot;,&quot;jet_parallax_layout_bg_x_mobile&quot;:&quot;&quot;,&quot;jet_parallax_layout_bg_y_tablet&quot;:&quot;&quot;,&quot;jet_parallax_layout_bg_y_mobile&quot;:&quot;&quot;,&quot;jet_parallax_layout_bg_size&quot;:&quot;auto&quot;,&quot;jet_parallax_layout_bg_size_tablet&quot;:&quot;&quot;,&quot;jet_parallax_layout_bg_size_mobile&quot;:&quot;&quot;,&quot;jet_parallax_layout_animation_prop&quot;:&quot;transform&quot;,&quot;jet_parallax_layout_on&quot;:[&quot;desktop&quot;,&quot;tablet&quot;]}],&quot;background_background&quot;:&quot;classic&quot;}\">\n\t\t\t\t\t\t\t<div class=\"elementor-background-overlay\"><\/div>\n\t\t\t\t\t\t\t<div class=\"elementor-container elementor-column-gap-default\">\n\t\t\t\t\t<div class=\"elementor-column elementor-col-100 elementor-top-column elementor-element elementor-element-350cd4da\" data-id=\"350cd4da\" data-element_type=\"column\">\n\t\t\t<div class=\"elementor-widget-wrap elementor-element-populated\">\n\t\t\t\t\t\t\t<\/div>\n\t\t<\/div>\n\t\t\t\t\t<\/div>\n\t\t<\/section>\n\t\t\t\t<section class=\"elementor-section elementor-top-section elementor-element elementor-element-493fd245 elementor-section-boxed elementor-section-height-default elementor-section-height-default\" data-id=\"493fd245\" data-element_type=\"section\" data-settings=\"{&quot;jet_parallax_layout_list&quot;:[{&quot;_id&quot;:&quot;2f8f1a8&quot;,&quot;jet_parallax_layout_speed&quot;:{&quot;unit&quot;:&quot;%&quot;,&quot;size&quot;:&quot;50&quot;,&quot;sizes&quot;:[]},&quot;jet_parallax_layout_bg_x&quot;:&quot;50&quot;,&quot;jet_parallax_layout_bg_y&quot;:&quot;50&quot;,&quot;jet_parallax_layout_image&quot;:{&quot;url&quot;:&quot;&quot;,&quot;id&quot;:&quot;&quot;,&quot;size&quot;:&quot;&quot;},&quot;jet_parallax_layout_image_tablet&quot;:{&quot;url&quot;:&quot;&quot;,&quot;id&quot;:&quot;&quot;,&quot;size&quot;:&quot;&quot;},&quot;jet_parallax_layout_image_mobile&quot;:{&quot;url&quot;:&quot;&quot;,&quot;id&quot;:&quot;&quot;,&quot;size&quot;:&quot;&quot;},&quot;jet_parallax_layout_type&quot;:&quot;scroll&quot;,&quot;jet_parallax_layout_direction&quot;:&quot;1&quot;,&quot;jet_parallax_layout_fx_direction&quot;:null,&quot;jet_parallax_layout_z_index&quot;:&quot;&quot;,&quot;jet_parallax_layout_bg_x_tablet&quot;:&quot;&quot;,&quot;jet_parallax_layout_bg_x_mobile&quot;:&quot;&quot;,&quot;jet_parallax_layout_bg_y_tablet&quot;:&quot;&quot;,&quot;jet_parallax_layout_bg_y_mobile&quot;:&quot;&quot;,&quot;jet_parallax_layout_bg_size&quot;:&quot;auto&quot;,&quot;jet_parallax_layout_bg_size_tablet&quot;:&quot;&quot;,&quot;jet_parallax_layout_bg_size_mobile&quot;:&quot;&quot;,&quot;jet_parallax_layout_animation_prop&quot;:&quot;transform&quot;,&quot;jet_parallax_layout_on&quot;:[&quot;desktop&quot;,&quot;tablet&quot;]}],&quot;background_background&quot;:&quot;classic&quot;}\">\n\t\t\t\t\t\t<div class=\"elementor-container elementor-column-gap-no\">\n\t\t\t\t\t<div class=\"elementor-column elementor-col-100 elementor-top-column elementor-element elementor-element-5f1949bc\" data-id=\"5f1949bc\" data-element_type=\"column\">\n\t\t\t<div class=\"elementor-widget-wrap elementor-element-populated\">\n\t\t\t\t\t\t<div class=\"elementor-element elementor-element-3d2ba26b elementor-widget elementor-widget-spacer\" data-id=\"3d2ba26b\" data-element_type=\"widget\" data-widget_type=\"spacer.default\">\n\t\t\t\t<div class=\"elementor-widget-container\">\n\t\t\t\t\t\t\t<div class=\"elementor-spacer\">\n\t\t\t<div class=\"elementor-spacer-inner\"><\/div>\n\t\t<\/div>\n\t\t\t\t\t\t<\/div>\n\t\t\t\t<\/div>\n\t\t\t\t<div class=\"elementor-element elementor-element-52d754f3 elementor-widget elementor-widget-heading\" data-id=\"52d754f3\" data-element_type=\"widget\" data-widget_type=\"heading.default\">\n\t\t\t\t<div class=\"elementor-widget-container\">\n\t\t\t\t\t<h2 class=\"elementor-heading-title elementor-size-default\">BEHANDLUNGSSPEKTRUM<\/h2>\t\t\t\t<\/div>\n\t\t\t\t<\/div>\n\t\t\t\t<div class=\"elementor-element elementor-element-3d333322 elementor-widget elementor-widget-text-editor\" data-id=\"3d333322\" data-element_type=\"widget\" data-widget_type=\"text-editor.default\">\n\t\t\t\t<div class=\"elementor-widget-container\">\n\t\t\t\t\t\t\t\t\t<div id=\"text-block-7\" class=\"mk-text-block  jupiter-donut- \"><p>Unsere Milchzahnpraxis bietet modernste Ausstattung f\u00fcr eine kindgerechte Behandlung. Aber nicht nur unsere Praxis ist auf dem neuesten Stand der Technik. Auch unsere speziellen Behandlungsmethoden sind auf dem aktuellen Stand der Forschung. Daf\u00fcr wird unser Praxispersonal regelm\u00e4\u00dfig optimale geschult, um unseren kleinen Patienten die beste zahnmedizinische Versorgung zu erm\u00f6glichen.<\/p><p>Unser Behandlungsspektrum umfasst dabei, neben der eigentlichen Behandlung, eine speziell auf Kinder abgestimmt Prophylaxe und einer umfassende und schonende Diagnostik. Durch unsere Zahnputzschule, Fissurenversiegelung, professioneller Zahnreinigung und dem Air Flow wird auf modernster Weise eine Zahnerkrankung vorgebeugt. Denn nichts ist besser, als gesund zu sein!<\/p><div class=\"clearboth\">\u00a0<\/div><\/div><div id=\"mk-blockquote-8\" class=\"mk-blockquote quote-style jupiter-donut-\"><p>Ein Kinderlachen kann so sch\u00f6n sein! Und in unserer Milchzahn Praxis sorgen wir daf\u00fcr, dass es auch so bleibt!<\/p><\/div><div id=\"text-block-9\" class=\"mk-text-block  jupiter-donut- \"><p>Und falls doch mal etwas nicht stimmen sollte, finden wir durch unsere umfassende Diagnostik schnell, was ihren Kindern fehlt. Dabei legen wir besonderen Wert auf eine belastungsarme Behandlung, um die Gesundheit unserer kleinen Patienten auch langfristig zu unterst\u00fctzen. Durch eine Kariesrisikobestimmung, digitalem R\u00f6ntgen oder der Laserdiagnostik, k\u00f6nnen wir fr\u00fchzeitig Probleme an den Z\u00e4hnen erkennen und einen optimalen Behandlungsplan f\u00fcr ihre Kinder erstellen.<\/p><p>Von der Fr\u00fchbehandlung, einer schonenden An\u00e4sthesie bis hin zur eigentlichen Zahnbehandlung, wie z.B. F\u00fcllungen, Nervenbehandlungen oder Zahnersatz, sorgen wir uns stets um das beste Behandlungsergebnis, damit unsere kleinen Patienten stets gesunde Z\u00e4hne haben \u2013 denn wer gesund ist, kann sich optimal entwickeln und kann bis ins hohe Alter seine Z\u00e4hne erhalten.<\/p><\/div>\t\t\t\t\t\t\t\t<\/div>\n\t\t\t\t<\/div>\n\t\t\t\t<div class=\"elementor-element elementor-element-3d863d94 elementor-widget elementor-widget-heading\" data-id=\"3d863d94\" data-element_type=\"widget\" data-widget_type=\"heading.default\">\n\t\t\t\t<div class=\"elementor-widget-container\">\n\t\t\t\t\t<h2 class=\"elementor-heading-title elementor-size-default\">BEHANDLUNGSBEREICHE<\/h2>\t\t\t\t<\/div>\n\t\t\t\t<\/div>\n\t\t\t\t\t<\/div>\n\t\t<\/div>\n\t\t\t\t\t<\/div>\n\t\t<\/section>\n\t\t\t\t<section class=\"elementor-section elementor-top-section elementor-element elementor-element-288e70c9 elementor-section-boxed elementor-section-height-default elementor-section-height-default\" data-id=\"288e70c9\" data-element_type=\"section\" data-settings=\"{&quot;jet_parallax_layout_list&quot;:[{&quot;_id&quot;:&quot;788fad1&quot;,&quot;jet_parallax_layout_speed&quot;:{&quot;unit&quot;:&quot;%&quot;,&quot;size&quot;:&quot;50&quot;,&quot;sizes&quot;:[]},&quot;jet_parallax_layout_bg_x&quot;:&quot;50&quot;,&quot;jet_parallax_layout_bg_y&quot;:&quot;50&quot;,&quot;jet_parallax_layout_image&quot;:{&quot;url&quot;:&quot;&quot;,&quot;id&quot;:&quot;&quot;,&quot;size&quot;:&quot;&quot;},&quot;jet_parallax_layout_image_tablet&quot;:{&quot;url&quot;:&quot;&quot;,&quot;id&quot;:&quot;&quot;,&quot;size&quot;:&quot;&quot;},&quot;jet_parallax_layout_image_mobile&quot;:{&quot;url&quot;:&quot;&quot;,&quot;id&quot;:&quot;&quot;,&quot;size&quot;:&quot;&quot;},&quot;jet_parallax_layout_type&quot;:&quot;scroll&quot;,&quot;jet_parallax_layout_direction&quot;:&quot;1&quot;,&quot;jet_parallax_layout_fx_direction&quot;:null,&quot;jet_parallax_layout_z_index&quot;:&quot;&quot;,&quot;jet_parallax_layout_bg_x_tablet&quot;:&quot;&quot;,&quot;jet_parallax_layout_bg_x_mobile&quot;:&quot;&quot;,&quot;jet_parallax_layout_bg_y_tablet&quot;:&quot;&quot;,&quot;jet_parallax_layout_bg_y_mobile&quot;:&quot;&quot;,&quot;jet_parallax_layout_bg_size&quot;:&quot;auto&quot;,&quot;jet_parallax_layout_bg_size_tablet&quot;:&quot;&quot;,&quot;jet_parallax_layout_bg_size_mobile&quot;:&quot;&quot;,&quot;jet_parallax_layout_animation_prop&quot;:&quot;transform&quot;,&quot;jet_parallax_layout_on&quot;:[&quot;desktop&quot;,&quot;tablet&quot;]}],&quot;background_background&quot;:&quot;classic&quot;}\">\n\t\t\t\t\t\t<div class=\"elementor-container elementor-column-gap-no\">\n\t\t\t\t\t<div class=\"elementor-column elementor-col-100 elementor-top-column elementor-element elementor-element-2942a985\" data-id=\"2942a985\" data-element_type=\"column\">\n\t\t\t<div class=\"elementor-widget-wrap elementor-element-populated\">\n\t\t\t\t\t\t<div class=\"elementor-element elementor-element-3a47cd3a elementor-widget elementor-widget-spacer\" data-id=\"3a47cd3a\" data-element_type=\"widget\" data-widget_type=\"spacer.default\">\n\t\t\t\t<div class=\"elementor-widget-container\">\n\t\t\t\t\t\t\t<div class=\"elementor-spacer\">\n\t\t\t<div class=\"elementor-spacer-inner\"><\/div>\n\t\t<\/div>\n\t\t\t\t\t\t<\/div>\n\t\t\t\t<\/div>\n\t\t\t\t\t<\/div>\n\t\t<\/div>\n\t\t\t\t\t<\/div>\n\t\t<\/section>\n\t\t<div class=\"elementor-element elementor-element-26ca2fd e-transform elementor-hidden-tablet elementor-hidden-mobile e-flex e-con-boxed e-con e-parent\" data-id=\"26ca2fd\" data-element_type=\"container\" data-settings=\"{&quot;background_background&quot;:&quot;classic&quot;,&quot;jet_parallax_layout_list&quot;:[],&quot;_transform_scale_effect&quot;:{&quot;unit&quot;:&quot;px&quot;,&quot;size&quot;:1.100000000000000088817841970012523233890533447265625,&quot;sizes&quot;:[]},&quot;_transform_scale_effect_tablet&quot;:{&quot;unit&quot;:&quot;px&quot;,&quot;size&quot;:&quot;&quot;,&quot;sizes&quot;:[]},&quot;_transform_scale_effect_mobile&quot;:{&quot;unit&quot;:&quot;px&quot;,&quot;size&quot;:&quot;&quot;,&quot;sizes&quot;:[]}}\">\n\t\t\t\t\t<div class=\"e-con-inner\">\n\t\t\t\t<div class=\"elementor-element elementor-element-6cb13b7 elementor-widget elementor-widget-jet-portfolio\" data-id=\"6cb13b7\" data-element_type=\"widget\" data-settings=\"{&quot;columns&quot;:3}\" data-widget_type=\"jet-portfolio.default\">\n\t\t\t\t<div class=\"elementor-widget-container\">\n\t\t\t\t\t<div class=\"elementor-jet-portfolio jet-elements\">\n<div class=\"jet-portfolio layout-type-masonry preset-type-1 layout-desktop-column-3  \" data-settings=\"{&quot;layoutType&quot;:&quot;masonry&quot;,&quot;perPage&quot;:6}\"><div class=\"jet-portfolio__list \"><article class=\"jet-portfolio__item visible-status\" data-slug=\"{&quot;0&quot;:&quot;all&quot;}\">\n\t<div class=\"jet-portfolio__inner\">\n\t\t<a class=\"jet-portfolio__link \" target=\"\" rel=\"\" href=\"https:\/\/dermilchzahn.com\/stuttgart\/behandlung\/diagnostik\/\">\n\t\t\t<div class=\"jet-portfolio__image\">\n\t\t\t\t<img loading=\"lazy\" decoding=\"async\" class=\"jet-portfolio__image-instance\" src=\"https:\/\/dermilchzahn.com\/stuttgart\/wp-content\/uploads\/sites\/3\/2024\/03\/praxis6-1.jpg\" width=\"1200\" height=\"800\"  alt=\"praxis6.jpg\" loading=\"lazy\">\t\t\t\t<div class=\"jet-portfolio__image-loader\"><span><\/span><\/div>\n\t\t\t<\/div>\n\t\t<\/a>\n\t\t<div class=\"jet-portfolio__content\">\n\t\t\t<div class=\"jet-portfolio__content-inner\"><h4 class=\"jet-portfolio__title\">DIAGNOSTIK<\/h4><\/div>\n\t\t<\/div>\n\n\t<\/div>\n<\/article>\n<article class=\"jet-portfolio__item visible-status\" data-slug=\"{&quot;0&quot;:&quot;all&quot;}\">\n\t<div class=\"jet-portfolio__inner\">\n\t\t<a class=\"jet-portfolio__link \" target=\"\" rel=\"\" href=\"https:\/\/dermilchzahn.com\/stuttgart\/behandlung\/prophylaxe\/\">\n\t\t\t<div class=\"jet-portfolio__image\">\n\t\t\t\t<img loading=\"lazy\" decoding=\"async\" class=\"jet-portfolio__image-instance\" src=\"https:\/\/dermilchzahn.com\/stuttgart\/wp-content\/uploads\/sites\/3\/2024\/03\/prophy_title.jpg\" width=\"1200\" height=\"800\"  alt=\"prophy_title.jpg\" loading=\"lazy\">\t\t\t\t<div class=\"jet-portfolio__image-loader\"><span><\/span><\/div>\n\t\t\t<\/div>\n\t\t<\/a>\n\t\t<div class=\"jet-portfolio__content\">\n\t\t\t<div class=\"jet-portfolio__content-inner\"><h4 class=\"jet-portfolio__title\">PROPHYLAXE<\/h4><p class=\"jet-portfolio__desc\">\n<\/p><\/div>\n\t\t<\/div>\n\n\t<\/div>\n<\/article>\n<article class=\"jet-portfolio__item visible-status\" data-slug=\"{&quot;0&quot;:&quot;all&quot;}\">\n\t<div class=\"jet-portfolio__inner\">\n\t\t<a class=\"jet-portfolio__link \" target=\"\" rel=\"\" href=\"https:\/\/dermilchzahn.com\/stuttgart\/behandlung\/anaesthesie\/\">\n\t\t\t<div class=\"jet-portfolio__image\">\n\t\t\t\t<img loading=\"lazy\" decoding=\"async\" class=\"jet-portfolio__image-instance\" src=\"https:\/\/dermilchzahn.com\/stuttgart\/wp-content\/uploads\/sites\/3\/2024\/03\/anae_title.jpg\" width=\"1200\" height=\"800\"  alt=\"anae_title.jpg\" loading=\"lazy\">\t\t\t\t<div class=\"jet-portfolio__image-loader\"><span><\/span><\/div>\n\t\t\t<\/div>\n\t\t<\/a>\n\t\t<div class=\"jet-portfolio__content\">\n\t\t\t<div class=\"jet-portfolio__content-inner\"><h4 class=\"jet-portfolio__title\">AN\u00c4STHESIE<\/h4><\/div>\n\t\t<\/div>\n\n\t<\/div>\n<\/article>\n<article class=\"jet-portfolio__item visible-status\" data-slug=\"{&quot;0&quot;:&quot;all&quot;}\">\n\t<div class=\"jet-portfolio__inner\">\n\t\t<a class=\"jet-portfolio__link \" target=\"\" rel=\"\" href=\"https:\/\/dermilchzahn.com\/stuttgart\/behandlung\/fuellungen\/\">\n\t\t\t<div class=\"jet-portfolio__image\">\n\t\t\t\t<img loading=\"lazy\" decoding=\"async\" class=\"jet-portfolio__image-instance\" src=\"https:\/\/dermilchzahn.com\/stuttgart\/wp-content\/uploads\/sites\/3\/2024\/03\/fuell_title.jpg\" width=\"1200\" height=\"800\"  alt=\"fuell_title.jpg\" loading=\"lazy\">\t\t\t\t<div class=\"jet-portfolio__image-loader\"><span><\/span><\/div>\n\t\t\t<\/div>\n\t\t<\/a>\n\t\t<div class=\"jet-portfolio__content\">\n\t\t\t<div class=\"jet-portfolio__content-inner\"><h4 class=\"jet-portfolio__title\">F\u00dcLLUNGEN<\/h4><\/div>\n\t\t<\/div>\n\n\t<\/div>\n<\/article>\n<article class=\"jet-portfolio__item visible-status\" data-slug=\"{&quot;0&quot;:&quot;all&quot;}\">\n\t<div class=\"jet-portfolio__inner\">\n\t\t<a class=\"jet-portfolio__link \" target=\"\" rel=\"\" href=\"https:\/\/dermilchzahn.com\/stuttgart\/behandlung\/nervenbehandlung\/\">\n\t\t\t<div class=\"jet-portfolio__image\">\n\t\t\t\t<img loading=\"lazy\" decoding=\"async\" class=\"jet-portfolio__image-instance\" src=\"https:\/\/dermilchzahn.com\/stuttgart\/wp-content\/uploads\/sites\/3\/2024\/03\/nerv_title.jpg\" width=\"1200\" height=\"800\"  alt=\"nerv_title.jpg\" loading=\"lazy\">\t\t\t\t<div class=\"jet-portfolio__image-loader\"><span><\/span><\/div>\n\t\t\t<\/div>\n\t\t<\/a>\n\t\t<div class=\"jet-portfolio__content\">\n\t\t\t<div class=\"jet-portfolio__content-inner\"><h4 class=\"jet-portfolio__title\">NERVENBEHANDLUNG<\/h4><\/div>\n\t\t<\/div>\n\n\t<\/div>\n<\/article>\n<article class=\"jet-portfolio__item visible-status\" data-slug=\"{&quot;0&quot;:&quot;all&quot;}\">\n\t<div class=\"jet-portfolio__inner\">\n\t\t<a class=\"jet-portfolio__link \" target=\"\" rel=\"\" href=\"https:\/\/dermilchzahn.com\/stuttgart\/behandlung\/zahnersatz\/\">\n\t\t\t<div class=\"jet-portfolio__image\">\n\t\t\t\t<img loading=\"lazy\" decoding=\"async\" class=\"jet-portfolio__image-instance\" src=\"https:\/\/dermilchzahn.com\/stuttgart\/wp-content\/uploads\/sites\/3\/2024\/03\/zahn_title.jpg\" width=\"1200\" height=\"800\"  alt=\"zahn_title.jpg\" loading=\"lazy\">\t\t\t\t<div class=\"jet-portfolio__image-loader\"><span><\/span><\/div>\n\t\t\t<\/div>\n\t\t<\/a>\n\t\t<div class=\"jet-portfolio__content\">\n\t\t\t<div class=\"jet-portfolio__content-inner\"><h4 class=\"jet-portfolio__title\">ZAHNERSATZ<\/h4><\/div>\n\t\t<\/div>\n\n\t<\/div>\n<\/article>\n<\/div><\/div>\n<\/div>\t\t\t\t<\/div>\n\t\t\t\t<\/div>\n\t\t\t\t\t<\/div>\n\t\t\t\t<\/div>\n\t\t<div class=\"elementor-element elementor-element-b7b0803 e-transform elementor-hidden-desktop e-flex e-con-boxed e-con e-parent\" data-id=\"b7b0803\" data-element_type=\"container\" data-settings=\"{&quot;background_background&quot;:&quot;classic&quot;,&quot;jet_parallax_layout_list&quot;:[],&quot;_transform_scale_effect&quot;:{&quot;unit&quot;:&quot;px&quot;,&quot;size&quot;:1.100000000000000088817841970012523233890533447265625,&quot;sizes&quot;:[]},&quot;_transform_scale_effect_tablet&quot;:{&quot;unit&quot;:&quot;px&quot;,&quot;size&quot;:&quot;&quot;,&quot;sizes&quot;:[]},&quot;_transform_scale_effect_mobile&quot;:{&quot;unit&quot;:&quot;px&quot;,&quot;size&quot;:&quot;&quot;,&quot;sizes&quot;:[]}}\">\n\t\t\t\t\t<div class=\"e-con-inner\">\n\t\t\t\t<div class=\"elementor-element elementor-element-2b7a4f4 elementor-widget elementor-widget-jet-portfolio\" data-id=\"2b7a4f4\" data-element_type=\"widget\" data-widget_type=\"jet-portfolio.default\">\n\t\t\t\t<div class=\"elementor-widget-container\">\n\t\t\t\t\t<div class=\"elementor-jet-portfolio jet-elements\">\n<div class=\"jet-portfolio layout-type-list preset-type-1\" data-settings=\"{&quot;layoutType&quot;:&quot;list&quot;,&quot;perPage&quot;:6}\"><div class=\"jet-portfolio__list \"><article class=\"jet-portfolio__item visible-status\" data-slug=\"{&quot;0&quot;:&quot;all&quot;}\">\n\t<div class=\"jet-portfolio__inner\">\n\t\t<a class=\"jet-portfolio__link \" target=\"\" rel=\"\" href=\"https:\/\/dermilchzahn.com\/stuttgart\/behandlung\/diagnostik\/\">\n\t\t\t<div class=\"jet-portfolio__image\">\n\t\t\t\t<img loading=\"lazy\" decoding=\"async\" class=\"jet-portfolio__image-instance\" src=\"https:\/\/dermilchzahn.com\/stuttgart\/wp-content\/uploads\/sites\/3\/2024\/03\/praxis6-1.jpg\" width=\"1200\" height=\"800\"  alt=\"praxis6.jpg\" loading=\"lazy\">\t\t\t\t<div class=\"jet-portfolio__image-loader\"><span><\/span><\/div>\n\t\t\t<\/div>\n\t\t<\/a>\n\t\t<div class=\"jet-portfolio__content\">\n\t\t\t<div class=\"jet-portfolio__content-inner\"><h4 class=\"jet-portfolio__title\">DIAGNOSTIK<\/h4><\/div>\n\t\t<\/div>\n\n\t<\/div>\n<\/article>\n<article class=\"jet-portfolio__item visible-status\" data-slug=\"{&quot;0&quot;:&quot;all&quot;}\">\n\t<div class=\"jet-portfolio__inner\">\n\t\t<a class=\"jet-portfolio__link \" target=\"\" rel=\"\" href=\"https:\/\/dermilchzahn.com\/stuttgart\/behandlung\/prophylaxe\/\">\n\t\t\t<div class=\"jet-portfolio__image\">\n\t\t\t\t<img loading=\"lazy\" decoding=\"async\" class=\"jet-portfolio__image-instance\" src=\"https:\/\/dermilchzahn.com\/stuttgart\/wp-content\/uploads\/sites\/3\/2024\/03\/prophy_title.jpg\" width=\"1200\" height=\"800\"  alt=\"prophy_title.jpg\" loading=\"lazy\">\t\t\t\t<div class=\"jet-portfolio__image-loader\"><span><\/span><\/div>\n\t\t\t<\/div>\n\t\t<\/a>\n\t\t<div class=\"jet-portfolio__content\">\n\t\t\t<div class=\"jet-portfolio__content-inner\"><h4 class=\"jet-portfolio__title\">PROPHYLAXE<\/h4><p class=\"jet-portfolio__desc\">\n<\/p><\/div>\n\t\t<\/div>\n\n\t<\/div>\n<\/article>\n<article class=\"jet-portfolio__item visible-status\" data-slug=\"{&quot;0&quot;:&quot;all&quot;}\">\n\t<div class=\"jet-portfolio__inner\">\n\t\t<a class=\"jet-portfolio__link \" target=\"\" rel=\"\" href=\"https:\/\/dermilchzahn.com\/stuttgart\/behandlung\/anaesthesie\/\">\n\t\t\t<div class=\"jet-portfolio__image\">\n\t\t\t\t<img loading=\"lazy\" decoding=\"async\" class=\"jet-portfolio__image-instance\" src=\"https:\/\/dermilchzahn.com\/stuttgart\/wp-content\/uploads\/sites\/3\/2024\/03\/anae_title.jpg\" width=\"1200\" height=\"800\"  alt=\"anae_title.jpg\" loading=\"lazy\">\t\t\t\t<div class=\"jet-portfolio__image-loader\"><span><\/span><\/div>\n\t\t\t<\/div>\n\t\t<\/a>\n\t\t<div class=\"jet-portfolio__content\">\n\t\t\t<div class=\"jet-portfolio__content-inner\"><h4 class=\"jet-portfolio__title\">AN\u00c4STHESIE<\/h4><\/div>\n\t\t<\/div>\n\n\t<\/div>\n<\/article>\n<article class=\"jet-portfolio__item visible-status\" data-slug=\"{&quot;0&quot;:&quot;all&quot;}\">\n\t<div class=\"jet-portfolio__inner\">\n\t\t<a class=\"jet-portfolio__link \" target=\"\" rel=\"\" href=\"https:\/\/dermilchzahn.com\/stuttgart\/behandlung\/fuellungen\/\">\n\t\t\t<div class=\"jet-portfolio__image\">\n\t\t\t\t<img loading=\"lazy\" decoding=\"async\" class=\"jet-portfolio__image-instance\" src=\"https:\/\/dermilchzahn.com\/stuttgart\/wp-content\/uploads\/sites\/3\/2024\/03\/fuell_title.jpg\" width=\"1200\" height=\"800\"  alt=\"fuell_title.jpg\" loading=\"lazy\">\t\t\t\t<div class=\"jet-portfolio__image-loader\"><span><\/span><\/div>\n\t\t\t<\/div>\n\t\t<\/a>\n\t\t<div class=\"jet-portfolio__content\">\n\t\t\t<div class=\"jet-portfolio__content-inner\"><h4 class=\"jet-portfolio__title\">F\u00dcLLUNGEN<\/h4><\/div>\n\t\t<\/div>\n\n\t<\/div>\n<\/article>\n<article class=\"jet-portfolio__item visible-status\" data-slug=\"{&quot;0&quot;:&quot;all&quot;}\">\n\t<div class=\"jet-portfolio__inner\">\n\t\t<a class=\"jet-portfolio__link \" target=\"\" rel=\"\" href=\"https:\/\/dermilchzahn.com\/stuttgart\/behandlung\/nervenbehandlung\/\">\n\t\t\t<div class=\"jet-portfolio__image\">\n\t\t\t\t<img loading=\"lazy\" decoding=\"async\" class=\"jet-portfolio__image-instance\" src=\"https:\/\/dermilchzahn.com\/stuttgart\/wp-content\/uploads\/sites\/3\/2024\/03\/nerv_title.jpg\" width=\"1200\" height=\"800\"  alt=\"nerv_title.jpg\" loading=\"lazy\">\t\t\t\t<div class=\"jet-portfolio__image-loader\"><span><\/span><\/div>\n\t\t\t<\/div>\n\t\t<\/a>\n\t\t<div class=\"jet-portfolio__content\">\n\t\t\t<div class=\"jet-portfolio__content-inner\"><h4 class=\"jet-portfolio__title\">NERVENBEHANDLUNG<\/h4><\/div>\n\t\t<\/div>\n\n\t<\/div>\n<\/article>\n<article class=\"jet-portfolio__item visible-status\" data-slug=\"{&quot;0&quot;:&quot;all&quot;}\">\n\t<div class=\"jet-portfolio__inner\">\n\t\t<a class=\"jet-portfolio__link \" target=\"\" rel=\"\" href=\"https:\/\/dermilchzahn.com\/stuttgart\/behandlung\/zahnersatz\/\">\n\t\t\t<div class=\"jet-portfolio__image\">\n\t\t\t\t<img loading=\"lazy\" decoding=\"async\" class=\"jet-portfolio__image-instance\" src=\"https:\/\/dermilchzahn.com\/stuttgart\/wp-content\/uploads\/sites\/3\/2024\/03\/zahn_title.jpg\" width=\"1200\" height=\"800\"  alt=\"zahn_title.jpg\" loading=\"lazy\">\t\t\t\t<div class=\"jet-portfolio__image-loader\"><span><\/span><\/div>\n\t\t\t<\/div>\n\t\t<\/a>\n\t\t<div class=\"jet-portfolio__content\">\n\t\t\t<div class=\"jet-portfolio__content-inner\"><h4 class=\"jet-portfolio__title\">ZAHNERSATZ<\/h4><\/div>\n\t\t<\/div>\n\n\t<\/div>\n<\/article>\n<\/div><\/div>\n<\/div>\t\t\t\t<\/div>\n\t\t\t\t<\/div>\n\t\t\t\t\t<\/div>\n\t\t\t\t<\/div>\n\t\t\t\t<\/div>\n\t\t","protected":false},"excerpt":{"rendered":"<p>BEHANDLUNGSSPEKTRUM Unsere Milchzahnpraxis bietet modernste Ausstattung f\u00fcr eine kindgerechte Behandlung. Aber nicht nur unsere Praxis ist auf dem neuesten Stand der Technik. Auch unsere speziellen Behandlungsmethoden sind auf dem aktuellen Stand der Forschung. Daf\u00fcr wird unser Praxispersonal regelm\u00e4\u00dfig optimale geschult, um unseren kleinen Patienten die beste zahnmedizinische Versorgung zu erm\u00f6glichen. Unser Behandlungsspektrum umfasst dabei, neben [&hellip;]<\/p>\n","protected":false},"author":1,"featured_media":0,"parent":0,"menu_order":0,"comment_status":"closed","ping_status":"closed","template":"full-width.php","meta":{"_acf_changed":false,"footnotes":""},"class_list":["post-106","page","type-page","status-publish","hentry"],"acf":[],"_links":{"self":[{"href":"https:\/\/dermilchzahn.com\/stuttgart\/wp-json\/wp\/v2\/pages\/106","targetHints":{"allow":["GET"]}}],"collection":[{"href":"https:\/\/dermilchzahn.com\/stuttgart\/wp-json\/wp\/v2\/pages"}],"about":[{"href":"https:\/\/dermilchzahn.com\/stuttgart\/wp-json\/wp\/v2\/types\/page"}],"author":[{"embeddable":true,"href":"https:\/\/dermilchzahn.com\/stuttgart\/wp-json\/wp\/v2\/users\/1"}],"replies":[{"embeddable":true,"href":"https:\/\/dermilchzahn.com\/stuttgart\/wp-json\/wp\/v2\/comments?post=106"}],"version-history":[{"count":10,"href":"https:\/\/dermilchzahn.com\/stuttgart\/wp-json\/wp\/v2\/pages\/106\/revisions"}],"predecessor-version":[{"id":1222,"href":"https:\/\/dermilchzahn.com\/stuttgart\/wp-json\/wp\/v2\/pages\/106\/revisions\/1222"}],"wp:attachment":[{"href":"https:\/\/dermilchzahn.com\/stuttgart\/wp-json\/wp\/v2\/media?parent=106"}],"curies":[{"name":"wp","href":"https:\/\/api.w.org\/{rel}","templated":true}]}}