{"id":1026,"date":"2024-03-16T06:18:34","date_gmt":"2024-03-16T05:18:34","guid":{"rendered":"https:\/\/dermilchzahn.com\/gerlingen\/?page_id=1026"},"modified":"2024-04-25T15:38:08","modified_gmt":"2024-04-25T13:38:08","slug":"impressum","status":"publish","type":"page","link":"https:\/\/dermilchzahn.com\/gerlingen\/impressum\/","title":{"rendered":"Impressum"},"content":{"rendered":"\t\t<div data-elementor-type=\"wp-post\" data-elementor-id=\"1026\" class=\"elementor elementor-1026\">\n\t\t\t\t\t\t<section class=\"elementor-section elementor-top-section elementor-element elementor-element-700aee64 elementor-section-height-min-height elementor-section-boxed elementor-section-height-default elementor-section-items-middle\" data-id=\"700aee64\" data-element_type=\"section\" data-settings=\"{&quot;jet_parallax_layout_list&quot;:[{&quot;_id&quot;:&quot;e25ef7d&quot;,&quot;jet_parallax_layout_speed&quot;:{&quot;unit&quot;:&quot;%&quot;,&quot;size&quot;:&quot;50&quot;,&quot;sizes&quot;:[]},&quot;jet_parallax_layout_bg_x&quot;:&quot;50&quot;,&quot;jet_parallax_layout_bg_y&quot;:&quot;50&quot;,&quot;jet_parallax_layout_image&quot;:{&quot;url&quot;:&quot;&quot;,&quot;id&quot;:&quot;&quot;,&quot;size&quot;:&quot;&quot;},&quot;jet_parallax_layout_image_tablet&quot;:{&quot;url&quot;:&quot;&quot;,&quot;id&quot;:&quot;&quot;,&quot;size&quot;:&quot;&quot;},&quot;jet_parallax_layout_image_mobile&quot;:{&quot;url&quot;:&quot;&quot;,&quot;id&quot;:&quot;&quot;,&quot;size&quot;:&quot;&quot;},&quot;jet_parallax_layout_type&quot;:&quot;scroll&quot;,&quot;jet_parallax_layout_direction&quot;:&quot;1&quot;,&quot;jet_parallax_layout_fx_direction&quot;:null,&quot;jet_parallax_layout_z_index&quot;:&quot;&quot;,&quot;jet_parallax_layout_bg_x_tablet&quot;:&quot;&quot;,&quot;jet_parallax_layout_bg_x_mobile&quot;:&quot;&quot;,&quot;jet_parallax_layout_bg_y_tablet&quot;:&quot;&quot;,&quot;jet_parallax_layout_bg_y_mobile&quot;:&quot;&quot;,&quot;jet_parallax_layout_bg_size&quot;:&quot;auto&quot;,&quot;jet_parallax_layout_bg_size_tablet&quot;:&quot;&quot;,&quot;jet_parallax_layout_bg_size_mobile&quot;:&quot;&quot;,&quot;jet_parallax_layout_animation_prop&quot;:&quot;transform&quot;,&quot;jet_parallax_layout_on&quot;:[&quot;desktop&quot;,&quot;tablet&quot;]}],&quot;background_background&quot;:&quot;classic&quot;}\">\n\t\t\t\t\t\t\t<div class=\"elementor-background-overlay\"><\/div>\n\t\t\t\t\t\t\t<div class=\"elementor-container elementor-column-gap-default\">\n\t\t\t\t\t<div class=\"elementor-column elementor-col-100 elementor-top-column elementor-element elementor-element-32f7642d\" data-id=\"32f7642d\" data-element_type=\"column\">\n\t\t\t<div class=\"elementor-widget-wrap elementor-element-populated\">\n\t\t\t\t\t\t\t<\/div>\n\t\t<\/div>\n\t\t\t\t\t<\/div>\n\t\t<\/section>\n\t\t\t\t<section class=\"elementor-section elementor-top-section elementor-element elementor-element-3aa0f60 elementor-section-boxed elementor-section-height-default elementor-section-height-default\" data-id=\"3aa0f60\" data-element_type=\"section\" data-settings=\"{&quot;jet_parallax_layout_list&quot;:[{&quot;_id&quot;:&quot;2f8f1a8&quot;,&quot;jet_parallax_layout_speed&quot;:{&quot;unit&quot;:&quot;%&quot;,&quot;size&quot;:&quot;50&quot;,&quot;sizes&quot;:[]},&quot;jet_parallax_layout_bg_x&quot;:&quot;50&quot;,&quot;jet_parallax_layout_bg_y&quot;:&quot;50&quot;,&quot;jet_parallax_layout_image&quot;:{&quot;url&quot;:&quot;&quot;,&quot;id&quot;:&quot;&quot;,&quot;size&quot;:&quot;&quot;},&quot;jet_parallax_layout_image_tablet&quot;:{&quot;url&quot;:&quot;&quot;,&quot;id&quot;:&quot;&quot;,&quot;size&quot;:&quot;&quot;},&quot;jet_parallax_layout_image_mobile&quot;:{&quot;url&quot;:&quot;&quot;,&quot;id&quot;:&quot;&quot;,&quot;size&quot;:&quot;&quot;},&quot;jet_parallax_layout_type&quot;:&quot;scroll&quot;,&quot;jet_parallax_layout_direction&quot;:&quot;1&quot;,&quot;jet_parallax_layout_fx_direction&quot;:null,&quot;jet_parallax_layout_z_index&quot;:&quot;&quot;,&quot;jet_parallax_layout_bg_x_tablet&quot;:&quot;&quot;,&quot;jet_parallax_layout_bg_x_mobile&quot;:&quot;&quot;,&quot;jet_parallax_layout_bg_y_tablet&quot;:&quot;&quot;,&quot;jet_parallax_layout_bg_y_mobile&quot;:&quot;&quot;,&quot;jet_parallax_layout_bg_size&quot;:&quot;auto&quot;,&quot;jet_parallax_layout_bg_size_tablet&quot;:&quot;&quot;,&quot;jet_parallax_layout_bg_size_mobile&quot;:&quot;&quot;,&quot;jet_parallax_layout_animation_prop&quot;:&quot;transform&quot;,&quot;jet_parallax_layout_on&quot;:[&quot;desktop&quot;,&quot;tablet&quot;]}],&quot;background_background&quot;:&quot;classic&quot;}\">\n\t\t\t\t\t\t<div class=\"elementor-container elementor-column-gap-no\">\n\t\t\t\t\t<div class=\"elementor-column elementor-col-100 elementor-top-column elementor-element elementor-element-8b86d5a\" data-id=\"8b86d5a\" data-element_type=\"column\">\n\t\t\t<div class=\"elementor-widget-wrap elementor-element-populated\">\n\t\t\t\t\t\t<div class=\"elementor-element elementor-element-d05beda elementor-widget elementor-widget-spacer\" data-id=\"d05beda\" data-element_type=\"widget\" data-widget_type=\"spacer.default\">\n\t\t\t\t<div class=\"elementor-widget-container\">\n\t\t\t\t\t\t\t<div class=\"elementor-spacer\">\n\t\t\t<div class=\"elementor-spacer-inner\"><\/div>\n\t\t<\/div>\n\t\t\t\t\t\t<\/div>\n\t\t\t\t<\/div>\n\t\t\t\t<div class=\"elementor-element elementor-element-18ef348 elementor-widget elementor-widget-heading\" data-id=\"18ef348\" data-element_type=\"widget\" data-widget_type=\"heading.default\">\n\t\t\t\t<div class=\"elementor-widget-container\">\n\t\t\t\t\t<h2 class=\"elementor-heading-title elementor-size-default\">IMPRESSUM<\/h2>\t\t\t\t<\/div>\n\t\t\t\t<\/div>\n\t\t\t\t<div class=\"elementor-element elementor-element-6b417be elementor-widget elementor-widget-text-editor\" data-id=\"6b417be\" data-element_type=\"widget\" data-widget_type=\"text-editor.default\">\n\t\t\t\t<div class=\"elementor-widget-container\">\n\t\t\t\t\t\t\t\t\t<p>Angaben gem\u00e4\u00df \u00a7 5 TMG:<\/p><p><strong>Verantwortlich gem\u00e4\u00df \u00a7 6 MDSTV:<\/strong><\/p><p>Dr. Alexander Widmann<br \/>Sielminger Hauptstra\u00dfe 36<br \/>70794 Filderstadt \/ Sielmingen<br \/>Telefon: 07158 &#8211; 9560990<br \/>E-Mail: info@dermilchzahn.com<\/p><p>Dr. Alexander Widmann<br \/><strong>Berufbezeichnung:<\/strong> Zahnarzt<br \/>Es gilt die Berufsordnung der<br \/>Landes\u00e4rztekammer Baden-W\u00fcrttemberg<\/p><p><strong>Weitere Informationen:<\/strong><br \/>Berufsordnung<br \/>Sozialministerium Baden-W\u00fcrttemberg<br \/>Landeszahn\u00e4rztekammer Baden-W\u00fcrttemberg<\/p><p><strong>Aufsichtsbeh\u00f6rde:<\/strong><br \/>Sozialministerium Baden-W\u00fcrttemberg<br \/>Schellingstrasse 15<br \/>70174 Stuttgart<br \/>Tel.: +49 (0) 711 &#8211; 123 &#8211; 0<br \/>Fax: +49 (0) 711 &#8211; 123 &#8211; 39 99<\/p><p><strong>Aufsichtsbeh\u00f6rde:<\/strong><br \/>Sozialministerium Baden-W\u00fcrttemberg<br \/>Schellingstrasse 15<br \/>70174 Stuttgart<br \/>Tel.: +49 (0) 711 &#8211; 123 &#8211; 0<br \/>Fax: +49 (0) 711 &#8211; 123 &#8211; 39 99<\/p><p><strong>Kammerzugeh\u00f6rigkeit:<\/strong><br \/>Landes\u00e4rztekammer Baden-W\u00fcrttemberg<br \/>Bezierkszahn\u00e4rztekammer Stuttgart<br \/>Albstadtweg 9<br \/>70567 Stuttgart<\/p><p>Tel.: +49 (0) 711 &#8211; 78 77 &#8211; 0<br \/>Fax: +49 (0) 711 &#8211; 78 77 &#8211; 238<br \/>Es gilt die Berufsordnung der Landeszahn\u00e4rztekammer Baden-W\u00fcrttemberg<br \/>www.lzk-bw.de<\/p><p><strong>Berufsrechtliche Regelung:<\/strong><br \/>Zahnheilkundegesetz: BGBI. I 1952, S.125; GOZ: BGBI. I 1987, S. 2316<\/p>\t\t\t\t\t\t\t\t<\/div>\n\t\t\t\t<\/div>\n\t\t\t\t<div class=\"elementor-element elementor-element-982e902 elementor-widget elementor-widget-spacer\" data-id=\"982e902\" data-element_type=\"widget\" data-widget_type=\"spacer.default\">\n\t\t\t\t<div class=\"elementor-widget-container\">\n\t\t\t\t\t\t\t<div class=\"elementor-spacer\">\n\t\t\t<div class=\"elementor-spacer-inner\"><\/div>\n\t\t<\/div>\n\t\t\t\t\t\t<\/div>\n\t\t\t\t<\/div>\n\t\t\t\t\t<\/div>\n\t\t<\/div>\n\t\t\t\t\t<\/div>\n\t\t<\/section>\n\t\t\t\t<section class=\"elementor-section elementor-top-section elementor-element elementor-element-3d6f72fd elementor-section-boxed elementor-section-height-default elementor-section-height-default\" data-id=\"3d6f72fd\" data-element_type=\"section\" data-settings=\"{&quot;jet_parallax_layout_list&quot;:[{&quot;_id&quot;:&quot;3c9d230&quot;,&quot;jet_parallax_layout_speed&quot;:{&quot;unit&quot;:&quot;%&quot;,&quot;size&quot;:&quot;50&quot;,&quot;sizes&quot;:[]},&quot;jet_parallax_layout_bg_x&quot;:&quot;50&quot;,&quot;jet_parallax_layout_bg_y&quot;:&quot;50&quot;,&quot;jet_parallax_layout_image&quot;:{&quot;url&quot;:&quot;&quot;,&quot;id&quot;:&quot;&quot;,&quot;size&quot;:&quot;&quot;},&quot;jet_parallax_layout_image_tablet&quot;:{&quot;url&quot;:&quot;&quot;,&quot;id&quot;:&quot;&quot;,&quot;size&quot;:&quot;&quot;},&quot;jet_parallax_layout_image_mobile&quot;:{&quot;url&quot;:&quot;&quot;,&quot;id&quot;:&quot;&quot;,&quot;size&quot;:&quot;&quot;},&quot;jet_parallax_layout_type&quot;:&quot;scroll&quot;,&quot;jet_parallax_layout_direction&quot;:&quot;1&quot;,&quot;jet_parallax_layout_fx_direction&quot;:null,&quot;jet_parallax_layout_z_index&quot;:&quot;&quot;,&quot;jet_parallax_layout_bg_x_tablet&quot;:&quot;&quot;,&quot;jet_parallax_layout_bg_x_mobile&quot;:&quot;&quot;,&quot;jet_parallax_layout_bg_y_tablet&quot;:&quot;&quot;,&quot;jet_parallax_layout_bg_y_mobile&quot;:&quot;&quot;,&quot;jet_parallax_layout_bg_size&quot;:&quot;auto&quot;,&quot;jet_parallax_layout_bg_size_tablet&quot;:&quot;&quot;,&quot;jet_parallax_layout_bg_size_mobile&quot;:&quot;&quot;,&quot;jet_parallax_layout_animation_prop&quot;:&quot;transform&quot;,&quot;jet_parallax_layout_on&quot;:[&quot;desktop&quot;,&quot;tablet&quot;]}],&quot;background_background&quot;:&quot;classic&quot;}\">\n\t\t\t\t\t\t<div class=\"elementor-container elementor-column-gap-no\">\n\t\t\t\t\t<div class=\"elementor-column elementor-col-100 elementor-top-column elementor-element elementor-element-d230f7e\" data-id=\"d230f7e\" data-element_type=\"column\">\n\t\t\t<div class=\"elementor-widget-wrap elementor-element-populated\">\n\t\t\t\t\t\t<div class=\"elementor-element elementor-element-1b998f27 elementor-invisible elementor-widget elementor-widget-heading\" data-id=\"1b998f27\" data-element_type=\"widget\" data-settings=\"{&quot;_animation&quot;:&quot;fadeIn&quot;}\" data-widget_type=\"heading.default\">\n\t\t\t\t<div class=\"elementor-widget-container\">\n\t\t\t\t\t<h2 class=\"elementor-heading-title elementor-size-default\">UNSERE PRAXIS<\/h2>\t\t\t\t<\/div>\n\t\t\t\t<\/div>\n\t\t\t\t\t<\/div>\n\t\t<\/div>\n\t\t\t\t\t<\/div>\n\t\t<\/section>\n\t\t\t\t<section class=\"elementor-section elementor-top-section elementor-element elementor-element-69eddbeb elementor-section-full_width elementor-section-height-default elementor-section-height-default\" data-id=\"69eddbeb\" data-element_type=\"section\" data-settings=\"{&quot;jet_parallax_layout_list&quot;:[{&quot;_id&quot;:&quot;8209ef4&quot;,&quot;jet_parallax_layout_speed&quot;:{&quot;unit&quot;:&quot;%&quot;,&quot;size&quot;:&quot;50&quot;,&quot;sizes&quot;:[]},&quot;jet_parallax_layout_bg_x&quot;:&quot;50&quot;,&quot;jet_parallax_layout_bg_y&quot;:&quot;50&quot;,&quot;jet_parallax_layout_image&quot;:{&quot;url&quot;:&quot;&quot;,&quot;id&quot;:&quot;&quot;,&quot;size&quot;:&quot;&quot;},&quot;jet_parallax_layout_image_tablet&quot;:{&quot;url&quot;:&quot;&quot;,&quot;id&quot;:&quot;&quot;,&quot;size&quot;:&quot;&quot;},&quot;jet_parallax_layout_image_mobile&quot;:{&quot;url&quot;:&quot;&quot;,&quot;id&quot;:&quot;&quot;,&quot;size&quot;:&quot;&quot;},&quot;jet_parallax_layout_type&quot;:&quot;scroll&quot;,&quot;jet_parallax_layout_direction&quot;:&quot;1&quot;,&quot;jet_parallax_layout_fx_direction&quot;:null,&quot;jet_parallax_layout_z_index&quot;:&quot;&quot;,&quot;jet_parallax_layout_bg_x_tablet&quot;:&quot;&quot;,&quot;jet_parallax_layout_bg_x_mobile&quot;:&quot;&quot;,&quot;jet_parallax_layout_bg_y_tablet&quot;:&quot;&quot;,&quot;jet_parallax_layout_bg_y_mobile&quot;:&quot;&quot;,&quot;jet_parallax_layout_bg_size&quot;:&quot;auto&quot;,&quot;jet_parallax_layout_bg_size_tablet&quot;:&quot;&quot;,&quot;jet_parallax_layout_bg_size_mobile&quot;:&quot;&quot;,&quot;jet_parallax_layout_animation_prop&quot;:&quot;transform&quot;,&quot;jet_parallax_layout_on&quot;:[&quot;desktop&quot;,&quot;tablet&quot;]}],&quot;background_background&quot;:&quot;classic&quot;}\">\n\t\t\t\t\t\t<div class=\"elementor-container elementor-column-gap-no\">\n\t\t\t\t\t<div class=\"elementor-column elementor-col-100 elementor-top-column elementor-element elementor-element-52489755\" data-id=\"52489755\" data-element_type=\"column\">\n\t\t\t<div class=\"elementor-widget-wrap elementor-element-populated\">\n\t\t\t\t\t\t<div class=\"elementor-element elementor-element-f8dc967 content-visibility-none video-preview-poster gallery-layout-grid sticky-filter-bar-false elementor-widget elementor-widget-raven-media-gallery\" data-id=\"f8dc967\" data-element_type=\"widget\" data-widget_type=\"raven-media-gallery.default\">\n\t\t\t\t<div class=\"elementor-widget-container\">\n\t\t\t\t\t<div class=\"raven-media-gallery-wrapper\"><div class=\"raven-media-gallery-tab-contents\"><div data-raven-content-index=\"0\" class=\"content active\">\t\t<a class=\"gallery-item\" href=\"https:\/\/dermilchzahn.com\/gerlingen\/wp-content\/uploads\/sites\/4\/2024\/03\/ger4.jpg\" data-elementor-open-lightbox=\"yes\" data-elementor-lightbox-slideshow=\"all-f8dc967\">\r\n\t\t\t<div class=\"type-image\">\r\n\t\t\t\t<div class=\"poster\">\r\n\t\t\t\t\t\t\t\t\t\t<img decoding=\"async\" loading=\"lazy\" src=\"https:\/\/dermilchzahn.com\/gerlingen\/wp-content\/uploads\/sites\/4\/2024\/03\/ger4.jpg\" alt=\"\">\r\n\t\t\t\t<\/div>\r\n\t\t\t<\/div>\r\n\t\t\t\t\t<div class=\"overlay\">\r\n\t\t\t\t\t\t\t<p class=\"alt\">\r\n\t\t\t\t\t\t\t\t\t<\/p>\r\n\t\t\t\t\t<\/div>\r\n\t\t\t\t<\/a>\r\n\t\t\t\t<a class=\"gallery-item\" href=\"https:\/\/dermilchzahn.com\/gerlingen\/wp-content\/uploads\/sites\/4\/2024\/03\/ger5.jpg\" data-elementor-open-lightbox=\"yes\" data-elementor-lightbox-slideshow=\"all-f8dc967\">\r\n\t\t\t<div class=\"type-image\">\r\n\t\t\t\t<div class=\"poster\">\r\n\t\t\t\t\t\t\t\t\t\t<img decoding=\"async\" loading=\"lazy\" src=\"https:\/\/dermilchzahn.com\/gerlingen\/wp-content\/uploads\/sites\/4\/2024\/03\/ger5.jpg\" alt=\"\">\r\n\t\t\t\t<\/div>\r\n\t\t\t<\/div>\r\n\t\t\t\t\t<div class=\"overlay\">\r\n\t\t\t\t\t\t\t<p class=\"alt\">\r\n\t\t\t\t\t\t\t\t\t<\/p>\r\n\t\t\t\t\t<\/div>\r\n\t\t\t\t<\/a>\r\n\t\t\t\t<a class=\"gallery-item\" href=\"https:\/\/dermilchzahn.com\/gerlingen\/wp-content\/uploads\/sites\/4\/2024\/03\/ger7.jpg\" data-elementor-open-lightbox=\"yes\" data-elementor-lightbox-slideshow=\"all-f8dc967\">\r\n\t\t\t<div class=\"type-image\">\r\n\t\t\t\t<div class=\"poster\">\r\n\t\t\t\t\t\t\t\t\t\t<img decoding=\"async\" loading=\"lazy\" src=\"https:\/\/dermilchzahn.com\/gerlingen\/wp-content\/uploads\/sites\/4\/2024\/03\/ger7.jpg\" alt=\"\">\r\n\t\t\t\t<\/div>\r\n\t\t\t<\/div>\r\n\t\t\t\t\t<div class=\"overlay\">\r\n\t\t\t\t\t\t\t<p class=\"alt\">\r\n\t\t\t\t\t\t\t\t\t<\/p>\r\n\t\t\t\t\t<\/div>\r\n\t\t\t\t<\/a>\r\n\t\t\t\t<a class=\"gallery-item\" href=\"https:\/\/dermilchzahn.com\/gerlingen\/wp-content\/uploads\/sites\/4\/2024\/03\/ger8.jpg\" data-elementor-open-lightbox=\"yes\" data-elementor-lightbox-slideshow=\"all-f8dc967\">\r\n\t\t\t<div class=\"type-image\">\r\n\t\t\t\t<div class=\"poster\">\r\n\t\t\t\t\t\t\t\t\t\t<img decoding=\"async\" loading=\"lazy\" src=\"https:\/\/dermilchzahn.com\/gerlingen\/wp-content\/uploads\/sites\/4\/2024\/03\/ger8.jpg\" alt=\"\">\r\n\t\t\t\t<\/div>\r\n\t\t\t<\/div>\r\n\t\t\t\t\t<div class=\"overlay\">\r\n\t\t\t\t\t\t\t<p class=\"alt\">\r\n\t\t\t\t\t\t\t\t\t<\/p>\r\n\t\t\t\t\t<\/div>\r\n\t\t\t\t<\/a>\r\n\t\t\t\t<a class=\"gallery-item\" href=\"https:\/\/dermilchzahn.com\/gerlingen\/wp-content\/uploads\/sites\/4\/2024\/03\/ger9.jpg\" data-elementor-open-lightbox=\"yes\" data-elementor-lightbox-slideshow=\"all-f8dc967\">\r\n\t\t\t<div class=\"type-image\">\r\n\t\t\t\t<div class=\"poster\">\r\n\t\t\t\t\t\t\t\t\t\t<img decoding=\"async\" loading=\"lazy\" src=\"https:\/\/dermilchzahn.com\/gerlingen\/wp-content\/uploads\/sites\/4\/2024\/03\/ger9.jpg\" alt=\"\">\r\n\t\t\t\t<\/div>\r\n\t\t\t<\/div>\r\n\t\t\t\t\t<div class=\"overlay\">\r\n\t\t\t\t\t\t\t<p class=\"alt\">\r\n\t\t\t\t\t\t\t\t\t<\/p>\r\n\t\t\t\t\t<\/div>\r\n\t\t\t\t<\/a>\r\n\t\t\t\t<a class=\"gallery-item\" href=\"https:\/\/dermilchzahn.com\/gerlingen\/wp-content\/uploads\/sites\/4\/2024\/03\/praxis_gerlingen.jpg\" data-elementor-open-lightbox=\"yes\" data-elementor-lightbox-slideshow=\"all-f8dc967\">\r\n\t\t\t<div class=\"type-image\">\r\n\t\t\t\t<div class=\"poster\">\r\n\t\t\t\t\t\t\t\t\t\t<img decoding=\"async\" loading=\"lazy\" src=\"https:\/\/dermilchzahn.com\/gerlingen\/wp-content\/uploads\/sites\/4\/2024\/03\/praxis_gerlingen.jpg\" alt=\"\">\r\n\t\t\t\t<\/div>\r\n\t\t\t<\/div>\r\n\t\t\t\t\t<div class=\"overlay\">\r\n\t\t\t\t\t\t\t<p class=\"alt\">\r\n\t\t\t\t\t\t\t\t\t<\/p>\r\n\t\t\t\t\t<\/div>\r\n\t\t\t\t<\/a>\r\n\t\t<\/div><\/div><\/div>\t\t\t\t<\/div>\n\t\t\t\t<\/div>\n\t\t\t\t<div class=\"elementor-element elementor-element-1916600b elementor-widget-divider--view-line elementor-widget elementor-widget-divider\" data-id=\"1916600b\" data-element_type=\"widget\" data-widget_type=\"divider.default\">\n\t\t\t\t<div class=\"elementor-widget-container\">\n\t\t\t\t\t\t\t<div class=\"elementor-divider\">\n\t\t\t<span class=\"elementor-divider-separator\">\n\t\t\t\t\t\t<\/span>\n\t\t<\/div>\n\t\t\t\t\t\t<\/div>\n\t\t\t\t<\/div>\n\t\t\t\t\t<\/div>\n\t\t<\/div>\n\t\t\t\t\t<\/div>\n\t\t<\/section>\n\t\t\t\t<\/div>\n\t\t","protected":false},"excerpt":{"rendered":"<p>IMPRESSUM Angaben gem\u00e4\u00df \u00a7 5 TMG: Verantwortlich gem\u00e4\u00df \u00a7 6 MDSTV: Dr. Alexander WidmannSielminger Hauptstra\u00dfe 3670794 Filderstadt \/ SielmingenTelefon: 07158 &#8211; 9560990E-Mail: info@dermilchzahn.com Dr. Alexander WidmannBerufbezeichnung: ZahnarztEs gilt die Berufsordnung derLandes\u00e4rztekammer Baden-W\u00fcrttemberg Weitere Informationen:BerufsordnungSozialministerium Baden-W\u00fcrttembergLandeszahn\u00e4rztekammer Baden-W\u00fcrttemberg Aufsichtsbeh\u00f6rde:Sozialministerium Baden-W\u00fcrttembergSchellingstrasse 1570174 StuttgartTel.: +49 (0) 711 &#8211; 123 &#8211; 0Fax: +49 (0) 711 &#8211; 123 &#8211; 39 99 [&hellip;]<\/p>\n","protected":false},"author":1,"featured_media":0,"parent":0,"menu_order":0,"comment_status":"closed","ping_status":"closed","template":"full-width.php","meta":{"_acf_changed":false,"footnotes":""},"class_list":["post-1026","page","type-page","status-publish","hentry"],"acf":[],"_links":{"self":[{"href":"https:\/\/dermilchzahn.com\/gerlingen\/wp-json\/wp\/v2\/pages\/1026","targetHints":{"allow":["GET"]}}],"collection":[{"href":"https:\/\/dermilchzahn.com\/gerlingen\/wp-json\/wp\/v2\/pages"}],"about":[{"href":"https:\/\/dermilchzahn.com\/gerlingen\/wp-json\/wp\/v2\/types\/page"}],"author":[{"embeddable":true,"href":"https:\/\/dermilchzahn.com\/gerlingen\/wp-json\/wp\/v2\/users\/1"}],"replies":[{"embeddable":true,"href":"https:\/\/dermilchzahn.com\/gerlingen\/wp-json\/wp\/v2\/comments?post=1026"}],"version-history":[{"count":7,"href":"https:\/\/dermilchzahn.com\/gerlingen\/wp-json\/wp\/v2\/pages\/1026\/revisions"}],"predecessor-version":[{"id":1174,"href":"https:\/\/dermilchzahn.com\/gerlingen\/wp-json\/wp\/v2\/pages\/1026\/revisions\/1174"}],"wp:attachment":[{"href":"https:\/\/dermilchzahn.com\/gerlingen\/wp-json\/wp\/v2\/media?parent=1026"}],"curies":[{"name":"wp","href":"https:\/\/api.w.org\/{rel}","templated":true}]}}